{"id":10591,"date":"2019-06-07T10:23:53","date_gmt":"2019-06-07T15:23:53","guid":{"rendered":"http:\/\/demo.thimpress.com\/eduma\/?page_id=12"},"modified":"2025-03-05T20:23:05","modified_gmt":"2025-03-06T01:23:05","slug":"home","status":"publish","type":"page","link":"https:\/\/ieholavelandia.edu.co\/web\/","title":{"rendered":"Inicio"},"content":{"rendered":"<div class=\"wpb-content-wrapper\"><p>[vc_row full_width=\u00bbstretch_row_content_no_spaces\u00bb css=\u00bb.vc_custom_1532059041653{margin-bottom: 0px !important;}\u00bb][vc_column][rev_slider_vc alias=\u00bbhome-page\u00bb][\/vc_column][\/vc_row][vc_row css=\u00bb.vc_custom_1552335716023{margin-top: -90px !important;background-color: #eee0cd !important;}\u00bb el_class=\u00bbrow_relative\u00bb][vc_column width=\u00bb2\/3&#8243; css=\u00bb.vc_custom_1532058844902{padding-top: 0px !important;}\u00bb][vc_row_inner css=\u00bb.vc_custom_1532058886594{margin-bottom: 0px !important;padding-top: 35px !important;padding-right: 20px !important;padding-bottom: 30px !important;padding-left: 20px !important;}\u00bb][vc_column_inner width=\u00bb1\/3&#8243;]<div class=\"thim-widget-icon-box template-base\"><div class=\"wrapper-box-icon text-left \" ><div class=\"smicon-box iconbox-left\" style=\"--icon-font-size:48px;--icon-color:#dd6c30;--icon-width: 60px;--icon-height: 55px;--icon-color-hover:#dfc290;\"><div class=\"boxes-icon\"><a class=\"icon-box-link\" target=\"_self\" href=\"#\"><span class=\"inner-icon\"><span class=\"icon\"><i class=\"fa fa-briefcase\"\"><\/i><\/span><\/span><\/span><\/a><\/div><div class=\"content-inner\"><div class=\"sc-heading article_heading\"><h3 class = \"heading__primary\" style=\"--title-color: #2ec4b6;--title-font-size: 18px;--title-font-weight: 400;--title-margin-bottom: 5px;\"><a class=\"icon-box-link\" target=\"_self\" href=\"#\" >MODALIDADES T\u00c9CNICAS<\/a><\/h3><\/div><\/div><\/div><\/div><\/div>[\/vc_column_inner][vc_column_inner width=\u00bb1\/3&#8243;]<div class=\"thim-widget-icon-box template-base\"><div class=\"wrapper-box-icon text-left \" ><div class=\"smicon-box iconbox-left\" style=\"--icon-font-size:48px;--icon-color:#dd6c30;--icon-width: 60px;--icon-height: 55px;--icon-color-hover:#dfc290;\"><div class=\"boxes-icon\"><a class=\"icon-box-link\" target=\"_self\" href=\"#\"><span class=\"inner-icon\"><span class=\"icon\"><i class=\"ion-ios-book-outline\"\"><\/i><\/span><\/span><\/span><\/a><\/div><div class=\"content-inner\"><div class=\"sc-heading article_heading\"><h3 class = \"heading__primary\" style=\"--title-color: #2ec4b6;--title-font-size: 18px;--title-font-weight: 400;--title-margin-bottom: 5px;\"><a class=\"icon-box-link\" target=\"_self\" href=\"#\" >EDUCACI\u00d3N<\/a><\/h3><\/div><div class=\"desc-icon-box\"><div class=\"desc-content\" style=\"color: #292929;font-size: 16px;font-weight: 300;line-height: 23px;\">Preescolar y Primaria<\/div><\/div><\/div><\/div><\/div><\/div>[\/vc_column_inner][vc_column_inner width=\u00bb1\/3&#8243;]<div class=\"thim-widget-icon-box template-base\"><div class=\"wrapper-box-icon text-left \" ><div class=\"smicon-box iconbox-left\" style=\"--icon-font-size:48px;--icon-color:#dd6c30;--icon-width: 60px;--icon-height: 55px;--icon-color-hover:#dda94f;\"><div class=\"boxes-icon\"><a class=\"icon-box-link\" target=\"_self\" href=\"#\"><span class=\"inner-icon\"><span class=\"icon\"><i class=\"ion-ios-basketball-outline\"\"><\/i><\/span><\/span><\/span><\/a><\/div><div class=\"content-inner\"><div class=\"sc-heading article_heading\"><h3 class = \"heading__primary\" style=\"--title-color: #2ec4b6;--title-font-size: 18px;--title-font-weight: 400;--title-margin-bottom: 5px;\"><a class=\"icon-box-link\" target=\"_self\" href=\"#\" >EDUCACI\u00d3N<\/a><\/h3><\/div><div class=\"desc-icon-box\"><div class=\"desc-content\" style=\"color: #292929;font-size: 16px;font-weight: 300;line-height: 23px;\">Secundaria y Media<\/div><\/div><\/div><\/div><\/div><\/div>[\/vc_column_inner][\/vc_row_inner][\/vc_column][vc_column width=\u00bb1\/3&#8243; el_class=\u00bbfeature-icon-box\u00bb css=\u00bb.vc_custom_1532058945916{padding-top: 35px !important;padding-right: 0px !important;padding-bottom: 33px !important;padding-left: 30px !important;}\u00bb]<div class=\"thim-widget-icon-box template-base\"><div class=\"wrapper-box-icon text-left \" ><div class=\"smicon-box iconbox-right\" style=\"--icon-font-size:38px;--icon-color:#ffffff;--icon-width: 80px;--icon-height: 42px;--icon-color-hover:#842f30;\"><div class=\"boxes-icon\"><a class=\"icon-box-link\" target=\"_self\" href=\"https:\/\/ieholavelandia.edu.co\/web\/#\"><span class=\"inner-icon\"><span class=\"icon\"><i class=\"fas fa-graduation-cap\"\"><\/i><\/span><\/span><\/span><\/a><\/div><div class=\"content-inner\"><div class=\"sc-heading article_heading\"><h3 class = \"heading__primary\" style=\"--title-color: #ffffff;--title-font-size: 20px;--title-font-weight: 500;--title-margin-bottom: 5px;\"><a class=\"icon-box-link\" target=\"_self\" href=\"https:\/\/ieholavelandia.edu.co\/web\/#\" >REGISTRO DE EGRESADOS<\/a><\/h3><\/div><div class=\"desc-icon-box\"><div class=\"desc-content\" style=\"color: #ffffff;font-size: 16px;font-weight: 300;line-height: 23px;\">Actualizaci\u00f3n de Datos<\/div><\/div><\/div><\/div><\/div><\/div>[\/vc_column][\/vc_row][vc_row][vc_column width=\u00bb1\/2&#8243;]<div class=\"thim-widget-heading template-base\"><div class=\"sc_heading  \"><h3 class=\"title\">Avisos <strong> Importantes<\/strong><\/h3><\/div><\/div><div class=\"thim-widget-list-post template-list-post\">\n<div class=\"sc-list-post thim-list-posts thim-owl-carousel-post row homepage\" >\n\t<div class=\"item-post col-sm-3 post-11855 post type-post status-publish format-image hentry category-noticias post_format-post-format-image\">\n\t\t<div class=\"content\"><div class=\"info\">\n\t\t\t\t\t\t<div class=\"author\"><span>administrador<\/span><\/div>\n\t\t\t\t\t\t<div class=\"date\">24 mayo, 2024<\/div>\n\t\t\t\t\t<\/div><h4 class=\"title\"><a href=\"https:\/\/ieholavelandia.edu.co\/web\/invitacion-a-presentar-ofertas-suministro-implementos-de-aseo\/\">INVITACION A PRESENTAR OFERTAS &#8211; SUMINISTRO IMPLEMENTOS DE ASEO<\/a><\/h4><div class=\"description\"><p><\/p><\/div><a class=\"read-more list-post-read-more-homepage\" href=\"https:\/\/ieholavelandia.edu.co\/web\/invitacion-a-presentar-ofertas-suministro-implementos-de-aseo\/\">Leer m\u00e1s<\/a><\/div><\/div>\n\t<div class=\"item-post col-sm-3 post-11851 post type-post status-publish format-image hentry category-noticias post_format-post-format-image\">\n\t\t<div class=\"content\"><div class=\"info\">\n\t\t\t\t\t\t<div class=\"author\"><span>administrador<\/span><\/div>\n\t\t\t\t\t\t<div class=\"date\">24 mayo, 2024<\/div>\n\t\t\t\t\t<\/div><h4 class=\"title\"><a href=\"https:\/\/ieholavelandia.edu.co\/web\/invitacion-a-presentar-ofertas-suministro-de-papeleria\/\">INVITACION A PRESENTAR OFERTAS &#8211; SUMINISTRO DE PAPELERIA<\/a><\/h4><div class=\"description\"><p>Proceso de selecci\u00f3n para contratar el servicio de suministro de papeler\u00eda para toda la Instituci\u00f3n Educativa HORACIO OLAVE VELANDIA, vigencia 2024.<\/p><\/div><a class=\"read-more list-post-read-more-homepage\" href=\"https:\/\/ieholavelandia.edu.co\/web\/invitacion-a-presentar-ofertas-suministro-de-papeleria\/\">Leer m\u00e1s<\/a><\/div><\/div>\n\t<div class=\"item-post col-sm-3 post-11814 post type-post status-publish format-standard hentry category-noticias\">\n\t\t<div class=\"content\"><div class=\"info\">\n\t\t\t\t\t\t<div class=\"author\"><span>administrador<\/span><\/div>\n\t\t\t\t\t\t<div class=\"date\">10 agosto, 2020<\/div>\n\t\t\t\t\t<\/div><h4 class=\"title\"><a href=\"https:\/\/ieholavelandia.edu.co\/web\/izada-de-bandera-del-7-de-agosto-2020\/\">Izada de Bandera del 7 de Agosto &#8211; 2020<\/a><\/h4><div class=\"description\"><p><\/p><\/div><a class=\"read-more list-post-read-more-homepage\" href=\"https:\/\/ieholavelandia.edu.co\/web\/izada-de-bandera-del-7-de-agosto-2020\/\">Leer m\u00e1s<\/a><\/div><\/div>\n\t<div class=\"item-post col-sm-3 post-540 post type-post status-publish format-standard hentry category-noticias\">\n\t\t<div class=\"content\"><div class=\"info\">\n\t\t\t\t\t\t<div class=\"author\"><span>administrador<\/span><\/div>\n\t\t\t\t\t\t<div class=\"date\">13 abril, 2019<\/div>\n\t\t\t\t\t<\/div><h4 class=\"title\"><a href=\"https:\/\/ieholavelandia.edu.co\/web\/la-rae-elimino-letras-del-alfabeto-y-cambio-el-nombre-a-otras\/\">La RAE elimin\u00f3 letras del Alfabeto y cambi\u00f3 el nombre a otras<\/a><\/h4><div class=\"description\"><p>Dr\u00e1sticos cambios en el alfabeto y en las reglas de escritura contiene la nueva edici\u00f3n de Ortograf\u00eda elaborada por la Real Academia Espa\u00f1ola (RAE), que se publicar\u00e1 a fines de este a\u00f1o.Entre las modificaciones m\u00e1s llamativas est\u00e1 la eliminaci\u00f3n de &#8230;<\/p><\/div><a class=\"read-more list-post-read-more-homepage\" href=\"https:\/\/ieholavelandia.edu.co\/web\/la-rae-elimino-letras-del-alfabeto-y-cambio-el-nombre-a-otras\/\">Leer m\u00e1s<\/a><\/div><\/div><\/div><\/div>[\/vc_column][vc_column width=\u00bb1\/2&#8243;]<div class=\"thim-widget-heading template-base\"><div class=\"sc_heading  \"><h3 class=\"title\">Cuadro de <strong> Honor<\/strong><\/h3><\/div><\/div>[vc_column_text][do_widget id=cuadrohonor_widget-2][\/vc_column_text][\/vc_column][vc_column][vc_zigzag css=\u00bb.vc_custom_1553787417949{margin-top: 15px !important;}\u00bb][\/vc_column][\/vc_row][vc_row full_width=\u00bbstretch_row\u00bb gap=\u00bb15&#8243; css=\u00bb.vc_custom_1548372508104{margin-bottom: 0px !important;padding-top: 10px !important;padding-bottom: 10px !important;background-color: #ffffff !important;}\u00bb][vc_column width=\u00bb1\/2&#8243; css=\u00bb.vc_custom_1548712686673{padding-top: 10px !important;}\u00bb]<div class=\"thim-widget-heading template-base\"><div class=\"sc_heading  \"><h3 style=\"color:#292929;font-size:35px;font-weight:600;\" class=\"title\"><strong>Bienvenidos <\/strong>a Nuestra Instituci\u00f3n<\/h3><\/div><\/div>[vc_column_text css=\u00bb.vc_custom_1631149399279{margin-top: -15px !important;padding-right: 35px !important;}\u00bb]<strong>Bienvenidos a nuestro sitio Web Institucional<br \/>\n<\/strong><\/p>\n<p>Hoy con gran orgullo les decimos a ustedes que estamos trabajando por el mejoramiento de nuestro colegio, iniciamos este reto con la adquisici\u00f3n de la plataforma Ovy para la gesti\u00f3n institucional y la p\u00e1gina web.<\/p>\n<p style=\"text-align: left;\">Familia Horacio Olave Velandia, queremos decirles que el cuerpo docente y directivos estamos comprometidos con el proceso Educativo de cada uno de ustedes, nuestro objetivo es verlos graduados con los mejores resultados de las pruebas de estado, por eso los invitamos a ser cada d\u00eda mejores seres humanos, comprometidos con su proyecto de vida y juntos alcanzaremos la meta. Gracias<\/p>\n<p>Guillermina Moreno Vergel<br \/>\nRectora[\/vc_column_text][\/vc_column][vc_column width=\u00bb1\/2&#8243; css=\u00bb.vc_custom_1594422182642{padding-top: 10px !important;}\u00bb]<div class=\"thim-widget-heading template-base\"><div class=\"sc_heading  text-center\"><h3 style=\"color:#292929;font-size:35px;font-weight:600;\" class=\"title\">Nuestra<strong> Rectora<\/strong><\/h3><\/div><\/div>[vc_single_image image=\u00bb11861&#8243; img_size=\u00bbmedium\u00bb alignment=\u00bbcenter\u00bb style=\u00bbvc_box_circle\u00bb css=\u00bb\u00bb][vc_column_text css=\u00bb.vc_custom_1736514275342{margin-top: -15px !important;padding-right: 35px !important;}\u00bb]<\/p>\n<p style=\"text-align: center;\">Guillermina Moreno Vergel<br \/>\nRectora<\/p>\n<p>[\/vc_column_text][\/vc_column][\/vc_row][vc_row full_width=\u00bbstretch_row\u00bb disable_element=\u00bbyes\u00bb css=\u00bb.vc_custom_1560011388305{margin-bottom: 0px !important;padding-top: 60px !important;padding-bottom: 60px !important;background-color: #353866 !important;}\u00bb][vc_column width=\u00bb1\/4&#8243; css=\u00bb.vc_custom_1532062830416{padding-top: 0px !important;}\u00bb]<div class=\"vc-extral_class home-grad\"><div class=\"thim-widget-counters-box template-base\"><div class=\"counter-box home-page\" style=\"\"><div class=\"content-box-percentage\">\n\t\t<div class=\"wrap-percentage\">\n\t\t<div class=\"display-percentage\" data-percentage=\"95\" >95<\/div><div class=\"text_number\">%<\/div><\/div><div class=\"counter-content-container\"><div class=\"counter-box-content\" style=\"\">Estudiantes Aprobados<\/div><\/div><\/div><\/div><\/div><\/div>[\/vc_column][vc_column width=\u00bb1\/4&#8243; css=\u00bb.vc_custom_1549114450977{padding-top: 0px !important;}\u00bb]<div class=\"vc-extral_class home-grad\"><div class=\"thim-widget-counters-box template-base\"><div class=\"counter-box home-page\" style=\"\"><div class=\"content-box-percentage\">\n\t\t<div class=\"wrap-percentage\">\n\t\t<div class=\"display-percentage\" data-percentage=\"60\" >60<\/div><div class=\"text_number\">K<\/div><\/div><div class=\"counter-content-container\"><div class=\"counter-box-content\" style=\"\">Estudiantes Atendidos<\/div><\/div><\/div><\/div><\/div><\/div>[\/vc_column][vc_column width=\u00bb1\/4&#8243; css=\u00bb.vc_custom_1532062843476{padding-top: 0px !important;}\u00bb]<div class=\"vc-extral_class home-grad\"><div class=\"thim-widget-counters-box template-base\"><div class=\"counter-box home-page\" style=\"\"><div class=\"content-box-percentage\">\n\t\t<div class=\"wrap-percentage\">\n\t\t<div class=\"display-percentage\" data-percentage=\"3200\" >3200<\/div><div class=\"text_number\"><\/div><\/div><div class=\"counter-content-container\"><div class=\"counter-box-content\" style=\"\">Estudiantes Graduados<\/div><\/div><\/div><\/div><\/div><\/div>[\/vc_column][vc_column width=\u00bb1\/4&#8243; css=\u00bb.vc_custom_1532062850425{padding-top: 0px !important;}\u00bb]<div class=\"vc-extral_class home-grad\"><div class=\"thim-widget-counters-box template-base\"><div class=\"counter-box home-page\" style=\"\"><div class=\"content-box-percentage\">\n\t\t<div class=\"wrap-percentage\">\n\t\t<div class=\"display-percentage\" data-percentage=\"45\" >45<\/div><div class=\"text_number\"><\/div><\/div><div class=\"counter-content-container\"><div class=\"counter-box-content\" style=\"\">A\u00f1os de Historia<\/div><\/div><\/div><\/div><\/div><\/div>[\/vc_column][\/vc_row][vc_row content_placement=\u00bbmiddle\u00bb css=\u00bb.vc_custom_1741224015920{margin-top: 30px !important;background-image: url(https:\/\/ieholavelandia.edu.co\/web\/wp-content\/uploads\/2025\/03\/Teprot.png?id=11868) !important;background-position: center !important;background-repeat: no-repeat !important;background-size: cover !important;}\u00bb el_id=\u00bb#teprotejo\u00bb][vc_column width=\u00bb1\/3&#8243;][\/vc_column][vc_column width=\u00bb1\/3&#8243;]<div class=\"thim-widget-heading template-base\"><div class=\"sc_heading  text-center\"><h3 style=\"color:#1e73be;font-size:20px;font-weight:bold;\" class=\"title\">TeGu\u00edo<\/h3><\/div><\/div>[vc_column_text css=\u00bb\u00bb]<\/p>\n<p style=\"text-align: center;\">Si tienes dudas sobre l\u00edmites en las relaciones, consentimiento, contacto con material de explotaci\u00f3n sexual de ni\u00f1as, ni\u00f1os y adolescentes, preocupaciones sobre los intereses, comentarios o comportamientos sexuales de alguien menor de 18 a\u00f1os, en Te Gu\u00edo est\u00e1 bien preguntar.<\/p>\n<p>[\/vc_column_text][vc_btn title=\u00bbVisitar Sitio\u00bb style=\u00bb3d\u00bb color=\u00bbprimary\u00bb size=\u00bbsm\u00bb align=\u00bbcenter\u00bb i_icon_fontawesome=\u00bbfas fa-external-link-alt\u00bb css=\u00bb\u00bb add_icon=\u00bbtrue\u00bb link=\u00bburl:https%3A%2F%2Fwww.teguiocolombia.org%2Findex.html|target:_blank\u00bb][\/vc_column][vc_column width=\u00bb1\/3&#8243;][\/vc_column][\/vc_row][vc_row full_width=\u00bbstretch_row\u00bb][vc_column width=\u00bb1\/3&#8243;]<div class=\"thim-widget-heading template-base\"><div class=\"sc_heading  \"><h3 style=\"color:#292929;font-size:35px;font-weight:600;\" class=\"title\">Nuestra <strong>Misi\u00f3n<\/strong><\/h3><\/div><\/div>[vc_column_text css=\u00bb.vc_custom_1593008764946{margin-bottom: 35px !important;}\u00bb]<\/p>\n<div class=\"textwidget\">\n<p>La Instituci\u00f3n Educativa Horacio Olave Veland\u00eda busca formar integralmente al educando con una educaci\u00f3n con calidad y para la prosperidad, mediante la excelencia humana, acad\u00e9mica, t\u00e9cnica y tecnol\u00f3gica, resaltando los valores culturales para que desarrolle al m\u00e1ximo sus competencias, mejore su calidad de vida, respete las diferencias y transforme su entorno en armon\u00eda con el medio ambiente, a trav\u00e9s de los modelos pedag\u00f3gicos flexibles de Escuela Nueva, Pos primaria, EMER.<\/p>\n<\/div>\n<p>[\/vc_column_text]<div class=\"thim-widget-button template-base\"><a class=\"widget-button very-rounded no-border small custom_style\" href=\"https:\/\/ieholavelandia.edu.co\/web\/nuestro-colegio\/\" style=\"--widget-button-font-size: 14px;--widget-button-font-weight: 400;--widget-button-color: #ffffff;--widget-button-background-color: #2ec4b6;--widget-button-color-hover: #ffffff;--widget-button-background-color-hover: #1c9b8e;\"><i class=\"fa fa-plus\" style=\"font-size: 14px;\"><\/i> Informaci\u00f3n<\/a><\/div>[\/vc_column][vc_column width=\u00bb1\/3&#8243;]<div class=\"thim-widget-heading template-base\"><div class=\"sc_heading  text-center\"><h3 style=\"color:#292929;font-size:35px;font-weight:600;\" class=\"title\">Nuestra <strong>Bandera<\/strong><\/h3><\/div><\/div>[vc_single_image image=\u00bb430&#8243; alignment=\u00bbcenter\u00bb][\/vc_column][vc_column width=\u00bb1\/3&#8243;]<div class=\"thim-widget-heading template-base\"><div class=\"sc_heading  text-center\"><h3 style=\"color:#292929;font-size:35px;font-weight:600;\" class=\"title\">Nuestra<strong> Visi\u00f3n <\/strong><\/h3><\/div><\/div>[vc_column_text css=\u00bb.vc_custom_1593009515370{margin-bottom: 35px !important;}\u00bb]<\/p>\n<div class=\"textwidget\">\n<p>La instituci\u00f3n Educativa Horacio Olave Veland\u00eda, a 2025 proyecta posicionar como una de las Instituci\u00f3n Educativa Acad\u00e9mica m\u00e1s sobresalientes del occidente del municipio de Tib\u00fa, con programas en educaci\u00f3n formal e informal trabajando en marco de una educaci\u00f3n con calidad para el progreso social, cultural y desarrollo comunitario, formando j\u00f3venes emprendedores mediante la ejecuci\u00f3n de proyectos pedag\u00f3gicos productivos, fortalecidos en valores con mentalidad cr\u00edtica, planificadora y productiva.<\/p>\n<\/div>\n<p>[\/vc_column_text][\/vc_column][\/vc_row][vc_row css=\u00bb.vc_custom_1548794962314{padding-top: 0px !important;padding-bottom: 0px !important;}\u00bb][vc_column][vc_separator]<div class=\"thim-widget-gallery-posts template-gallery-posts\">\n\n\t\t<div class=\"wrapper-filter-controls\">\n\t\t<ul class=\"filter-controls\">\n\t\t\t<li>\n\t\t\t\t<a class=\"filter active\" data-filter=\"*\" href=\"javascript:;\">Todos<\/a>\n\t\t\t<\/li>\n\t\t\t<li><a class=\"filter\" href=\"javascript:;\" data-filter=\".filter-3471\">Izadas de Bandera<\/a><\/li><li><a class=\"filter\" href=\"javascript:;\" data-filter=\".filter-3470\">Celebraciones<\/a><\/li><li><a class=\"filter\" href=\"javascript:;\" data-filter=\".filter-3473\">Infraestructura<\/a><\/li>\t\t<\/ul>\n\t<\/div>\n\n\t<div class=\"wrapper-gallery-filter row\" itemscope itemtype=\"http:\/\/schema.org\/ItemList\">\n\t\t<div class=\"item_gallery col-sm-4 item_post filter-3471\"><a class=\"thim-gallery-popup\" href=\"#\" data-id=\"11402\"><img decoding=\"async\" src=\"https:\/\/ieholavelandia.edu.co\/web\/wp-content\/uploads\/2019\/01\/demo_image.jpg\" alt=\"D\u00eda de la Familia\" title=\"demo_image\" ><\/a><\/div><div class=\"item_gallery col-sm-4 item_post filter-3470\"><a class=\"thim-gallery-popup\" href=\"#\" data-id=\"11398\"><img decoding=\"async\" src=\"https:\/\/ieholavelandia.edu.co\/web\/wp-content\/uploads\/2019\/01\/demo_image.jpg\" alt=\"Graduados\" title=\"demo_image\" ><\/a><\/div><div class=\"item_gallery col-sm-4 item_post filter-3470\"><a class=\"thim-gallery-popup\" href=\"#\" data-id=\"11396\"><img decoding=\"async\" src=\"https:\/\/ieholavelandia.edu.co\/web\/wp-content\/uploads\/2019\/01\/demo_image.jpg\" alt=\"Murales Nuestro Colegio\" title=\"demo_image\" ><\/a><\/div><div class=\"item_gallery col-sm-4 item_post filter-3473\"><a class=\"thim-gallery-popup\" href=\"#\" data-id=\"11364\"><img decoding=\"async\" src=\"https:\/\/ieholavelandia.edu.co\/web\/wp-content\/uploads\/2019\/01\/demo_image.jpg\" alt=\"Eventos 2014\" title=\"demo_image\" ><\/a><\/div>\t<\/div>\n\t<div class=\"thim-gallery-show\"><\/div>\n\n\t<\/div>[\/vc_column][\/vc_row][vc_row full_width=\u00bbstretch_row\u00bb css=\u00bb.vc_custom_1741224118650{padding-top: 80px !important;padding-bottom: 80px !important;background-color: #71cefc !important;}\u00bb][vc_column css=\u00bb.vc_custom_1532076559485{padding-top: 0px !important;}\u00bb]<div class=\"vc-extral_class wpb_animate_when_almost_visible wpb_left-to-right left-to-right\"><div class=\"thim-widget-gallery-images template-base\"><div class=\"thim-carousel-wrapper gallery-img\" data-visible=\"3\" data-itemtablet=\"3\" data-itemmobile=\"3\" data-autoplay=\"0\" data-navigation=\"1\" data-pagination=\"1\" data-loop=\"true\"><div class=\"item\"><a target=_blank href=\"https:\/\/teprotejocolombia.org\/\"><img loading=\"lazy\" decoding=\"async\" width=\"412\" height=\"150\" src=\"https:\/\/ieholavelandia.edu.co\/web\/wp-content\/uploads\/2025\/03\/TEPROTEJO.png\" class=\"attachment-full size-full\" alt=\"\" srcset=\"https:\/\/ieholavelandia.edu.co\/web\/wp-content\/uploads\/2025\/03\/TEPROTEJO.png 412w, https:\/\/ieholavelandia.edu.co\/web\/wp-content\/uploads\/2025\/03\/TEPROTEJO-300x109.png 300w\" sizes=\"auto, (max-width: 412px) 100vw, 412px\" \/><\/a><\/div><div class=\"item\"><a target=_blank href=\"https:\/\/www.sena.edu.co\/es-co\/Paginas\/default.aspx\"><img loading=\"lazy\" decoding=\"async\" width=\"153\" height=\"150\" src=\"https:\/\/ieholavelandia.edu.co\/web\/wp-content\/uploads\/2025\/03\/logoSena-e1737411421366.png\" class=\"attachment-full size-full\" alt=\"\" \/><\/a><\/div><div class=\"item\"><a target=_blank href=\"https:\/\/www.icfes.gov.co\/\"><img loading=\"lazy\" decoding=\"async\" width=\"108\" height=\"150\" src=\"https:\/\/ieholavelandia.edu.co\/web\/wp-content\/uploads\/2025\/03\/ICFES.png\" class=\"attachment-full size-full\" alt=\"\" \/><\/a><\/div><\/div><\/div><\/div>[\/vc_column][\/vc_row]<\/p>\n<\/div>","protected":false},"excerpt":{"rendered":"<p>[vc_row full_width=\u00bbstretch_row_content_no_spaces\u00bb css=\u00bb.vc_custom_1532059041653{margin-bottom: 0px !important;}\u00bb][vc_column][rev_slider_vc alias=\u00bbhome-page\u00bb][\/vc_column][\/vc_row][vc_row css=\u00bb.vc_custom_1552335716023{margin-top: -90px !important;background-color: #eee0cd !important;}\u00bb el_class=\u00bbrow_relative\u00bb][vc_column width=\u00bb2\/3&#8243; css=\u00bb.vc_custom_1532058844902{padding-top: 0px !important;}\u00bb][vc_row_inner css=\u00bb.vc_custom_1532058886594{margin-bottom: 0px !important;padding-top: 35px !important;padding-right: 20px !important;padding-bottom: 30px !important;padding-left: 20px !important;}\u00bb][vc_column_inner width=\u00bb1\/3&#8243;][\/vc_column_inner][vc_column_inner width=\u00bb1\/3&#8243;][\/vc_column_inner][vc_column_inner width=\u00bb1\/3&#8243;][\/vc_column_inner][\/vc_row_inner][\/vc_column][vc_column width=\u00bb1\/3&#8243; el_class=\u00bbfeature-icon-box\u00bb css=\u00bb.vc_custom_1532058945916{padding-top: 35px !important;padding-right: 0px !important;padding-bottom: 33px !important;padding-left: 30px &hellip; <\/p>\n","protected":false},"author":1,"featured_media":0,"parent":0,"menu_order":0,"comment_status":"closed","ping_status":"closed","template":"page-templates\/homepage.php","meta":{"footnotes":""},"class_list":["post-10591","page","type-page","status-publish","hentry"],"_links":{"self":[{"href":"https:\/\/ieholavelandia.edu.co\/web\/wp-json\/wp\/v2\/pages\/10591","targetHints":{"allow":["GET"]}}],"collection":[{"href":"https:\/\/ieholavelandia.edu.co\/web\/wp-json\/wp\/v2\/pages"}],"about":[{"href":"https:\/\/ieholavelandia.edu.co\/web\/wp-json\/wp\/v2\/types\/page"}],"author":[{"embeddable":true,"href":"https:\/\/ieholavelandia.edu.co\/web\/wp-json\/wp\/v2\/users\/1"}],"replies":[{"embeddable":true,"href":"https:\/\/ieholavelandia.edu.co\/web\/wp-json\/wp\/v2\/comments?post=10591"}],"version-history":[{"count":50,"href":"https:\/\/ieholavelandia.edu.co\/web\/wp-json\/wp\/v2\/pages\/10591\/revisions"}],"predecessor-version":[{"id":11871,"href":"https:\/\/ieholavelandia.edu.co\/web\/wp-json\/wp\/v2\/pages\/10591\/revisions\/11871"}],"wp:attachment":[{"href":"https:\/\/ieholavelandia.edu.co\/web\/wp-json\/wp\/v2\/media?parent=10591"}],"curies":[{"name":"wp","href":"https:\/\/api.w.org\/{rel}","templated":true}]}}